{"id":41,"date":"2025-02-03T07:37:07","date_gmt":"2025-02-03T07:37:07","guid":{"rendered":"https:\/\/hoekoudishet.nl\/?page_id=41"},"modified":"2025-02-03T07:37:09","modified_gmt":"2025-02-03T07:37:09","slug":"contacts","status":"publish","type":"page","link":"https:\/\/hoekoudishet.nl\/ro\/contacts\/","title":{"rendered":"Contacte"},"content":{"rendered":"<p>Bine a\u021bi venit la <strong>Col\u021bVechiEste<\/strong>. Apreciem interesul dumneavoastr\u0103 fa\u021b\u0103 de articolele \u0219i produsele noastre. Ave\u021bi \u00eentreb\u0103ri, sugestii sau comentarii? V\u0103 rug\u0103m s\u0103 ne contacta\u021bi folosind datele de contact de mai jos.<\/p>\n<h2>E-mail<\/h2>\n<p>Dac\u0103 ave\u021bi \u00eentreb\u0103ri sau sugestii, ne pute\u021bi trimite \u0219i un e-mail. Adresa noastr\u0103 de e-mail este: <a href=\"mailto:info@hoekoudishet.nl\">info@hoekoudishet.nl<\/a>. Ne propunem s\u0103 r\u0103spundem \u00een termen de o zi lucr\u0103toare.<\/p>\n<h2>Formular de feedback<\/h2>\n<p>V\u0103 rug\u0103m s\u0103 completa\u021bi formularul de mai jos pentru a ne contacta direct. Vom r\u0103spunde c\u00e2t mai cur\u00e2nd posibil.<\/p>\n<form action=\"\/ro\/verzenden\/\" method=\"post\" data-trp-original-action=\"\/verzenden\">\n        <label for=\"naam\">Nume:<\/label><br \/>\n        <input type=\"text\" id=\"naam\" name=\"naam\" required><\/p>\n<p>        <label for=\"email\">E-mail:<\/label><br \/>\n        <input type=\"email\" id=\"email\" name=\"email\" required><\/p>\n<p>        <label for=\"onderwerp\">Subiect:<\/label><br \/>\n        <input type=\"text\" id=\"onderwerp\" name=\"onderwerp\" required><\/p>\n<p>        <label for=\"bericht\">Mesaj:<\/label><br \/>\n        <textarea id=\"bericht\" name=\"bericht\" rows=\"5\" required><\/textarea><\/p>\n<p>        <button type=\"submit\">Trimite<\/button><br \/>\n    <input type=\"hidden\" name=\"trp-form-language\" value=\"ro\"\/><\/form>","protected":false},"excerpt":{"rendered":"<p>Bun venit la HoekOudIsHet. Apreciem interesul dumneavoastr\u0103 pentru articolele \u0219i produsele noastre. Ave\u021bi \u00eentreb\u0103ri, sugestii sau comentarii? Nu ezita\u021bi s\u0103\u2026<\/p>","protected":false},"author":1,"featured_media":0,"parent":0,"menu_order":0,"comment_status":"closed","ping_status":"closed","template":"","meta":{"_acf_changed":false,"footnotes":""},"class_list":["post-41","page","type-page","status-publish","hentry"],"acf":[],"yoast_head":"<!-- This site is optimized with the Yoast SEO plugin v23.2 - https:\/\/yoast.com\/wordpress\/plugins\/seo\/ -->\n<title>Contacts - hoekoudishet.nl<\/title>\n<meta name=\"robots\" content=\"index, follow, max-snippet:-1, max-image-preview:large, max-video-preview:-1\" \/>\n<link rel=\"canonical\" href=\"https:\/\/hoekoudishet.nl\/ro\/contacts\/\" \/>\n<meta property=\"og:locale\" content=\"ro_RO\" \/>\n<meta property=\"og:type\" content=\"article\" \/>\n<meta property=\"og:title\" content=\"Contacts - hoekoudishet.nl\" \/>\n<meta property=\"og:description\" content=\"Welkom bij HoekOudIsHet. Wij waarderen je interesse in onze artikelen en producten. Heb je vragen, suggesties of opmerkingen? Neem gerust&hellip;\" \/>\n<meta property=\"og:url\" content=\"https:\/\/hoekoudishet.nl\/ro\/contacts\/\" \/>\n<meta property=\"og:site_name\" content=\"hoekoudishet.nl\" \/>\n<meta property=\"article:modified_time\" content=\"2025-02-03T07:37:09+00:00\" \/>\n<meta name=\"twitter:card\" content=\"summary_large_image\" \/>\n<meta name=\"twitter:label1\" content=\"Timp estimat pentru citire\" \/>\n\t<meta name=\"twitter:data1\" content=\"1 minut\" \/>\n<script type=\"application\/ld+json\" class=\"yoast-schema-graph\">{\"@context\":\"https:\/\/schema.org\",\"@graph\":[{\"@type\":\"WebPage\",\"@id\":\"https:\/\/hoekoudishet.nl\/contacts\/\",\"url\":\"https:\/\/hoekoudishet.nl\/contacts\/\",\"name\":\"Contacts - hoekoudishet.nl\",\"isPartOf\":{\"@id\":\"https:\/\/hoekoudishet.nl\/#website\"},\"datePublished\":\"2025-02-03T07:37:07+00:00\",\"dateModified\":\"2025-02-03T07:37:09+00:00\",\"breadcrumb\":{\"@id\":\"https:\/\/hoekoudishet.nl\/contacts\/#breadcrumb\"},\"inLanguage\":\"ro-RO\",\"potentialAction\":[{\"@type\":\"ReadAction\",\"target\":[\"https:\/\/hoekoudishet.nl\/contacts\/\"]}]},{\"@type\":\"BreadcrumbList\",\"@id\":\"https:\/\/hoekoudishet.nl\/contacts\/#breadcrumb\",\"itemListElement\":[{\"@type\":\"ListItem\",\"position\":1,\"name\":\"Home\",\"item\":\"https:\/\/hoekoudishet.nl\/\"},{\"@type\":\"ListItem\",\"position\":2,\"name\":\"Contacts\"}]},{\"@type\":\"WebSite\",\"@id\":\"https:\/\/hoekoudishet.nl\/#website\",\"url\":\"https:\/\/hoekoudishet.nl\/\",\"name\":\"hoekoudishet.nl\",\"description\":\"Kleding, Stijl &amp; Mode-inspiratie\",\"potentialAction\":[{\"@type\":\"SearchAction\",\"target\":{\"@type\":\"EntryPoint\",\"urlTemplate\":\"https:\/\/hoekoudishet.nl\/?s={search_term_string}\"},\"query-input\":\"required name=search_term_string\"}],\"inLanguage\":\"ro-RO\"}]}<\/script>\n<!-- \/ Yoast SEO plugin. -->","yoast_head_json":{"title":"Contacts - hoekoudishet.nl","robots":{"index":"index","follow":"follow","max-snippet":"max-snippet:-1","max-image-preview":"max-image-preview:large","max-video-preview":"max-video-preview:-1"},"canonical":"https:\/\/hoekoudishet.nl\/ro\/contacts\/","og_locale":"ro_RO","og_type":"article","og_title":"Contacts - hoekoudishet.nl","og_description":"Welkom bij HoekOudIsHet. Wij waarderen je interesse in onze artikelen en producten. Heb je vragen, suggesties of opmerkingen? Neem gerust&hellip;","og_url":"https:\/\/hoekoudishet.nl\/ro\/contacts\/","og_site_name":"hoekoudishet.nl","article_modified_time":"2025-02-03T07:37:09+00:00","twitter_card":"summary_large_image","twitter_misc":{"Timp estimat pentru citire":"1 minut"},"schema":{"@context":"https:\/\/schema.org","@graph":[{"@type":"WebPage","@id":"https:\/\/hoekoudishet.nl\/contacts\/","url":"https:\/\/hoekoudishet.nl\/contacts\/","name":"Contacts - hoekoudishet.nl","isPartOf":{"@id":"https:\/\/hoekoudishet.nl\/#website"},"datePublished":"2025-02-03T07:37:07+00:00","dateModified":"2025-02-03T07:37:09+00:00","breadcrumb":{"@id":"https:\/\/hoekoudishet.nl\/contacts\/#breadcrumb"},"inLanguage":"ro-RO","potentialAction":[{"@type":"ReadAction","target":["https:\/\/hoekoudishet.nl\/contacts\/"]}]},{"@type":"BreadcrumbList","@id":"https:\/\/hoekoudishet.nl\/contacts\/#breadcrumb","itemListElement":[{"@type":"ListItem","position":1,"name":"Home","item":"https:\/\/hoekoudishet.nl\/"},{"@type":"ListItem","position":2,"name":"Contacts"}]},{"@type":"WebSite","@id":"https:\/\/hoekoudishet.nl\/#website","url":"https:\/\/hoekoudishet.nl\/","name":"hoekoudishet.nl","description":"Kleding, Stijl &amp; Mode-inspiratie","potentialAction":[{"@type":"SearchAction","target":{"@type":"EntryPoint","urlTemplate":"https:\/\/hoekoudishet.nl\/?s={search_term_string}"},"query-input":"required name=search_term_string"}],"inLanguage":"ro-RO"}]}},"yoast_meta":{"yoast_wpseo_title":"","yoast_wpseo_metadesc":"","yoast_wpseo_canonical":"https:\/\/hoekoudishet.nl\/ro\/wp-json\/wp\/v2\/pages\/41"},"_links":{"self":[{"href":"https:\/\/hoekoudishet.nl\/ro\/wp-json\/wp\/v2\/pages\/41","targetHints":{"allow":["GET"]}}],"collection":[{"href":"https:\/\/hoekoudishet.nl\/ro\/wp-json\/wp\/v2\/pages"}],"about":[{"href":"https:\/\/hoekoudishet.nl\/ro\/wp-json\/wp\/v2\/types\/page"}],"author":[{"embeddable":true,"href":"https:\/\/hoekoudishet.nl\/ro\/wp-json\/wp\/v2\/users\/1"}],"replies":[{"embeddable":true,"href":"https:\/\/hoekoudishet.nl\/ro\/wp-json\/wp\/v2\/comments?post=41"}],"version-history":[{"count":1,"href":"https:\/\/hoekoudishet.nl\/ro\/wp-json\/wp\/v2\/pages\/41\/revisions"}],"predecessor-version":[{"id":42,"href":"https:\/\/hoekoudishet.nl\/ro\/wp-json\/wp\/v2\/pages\/41\/revisions\/42"}],"wp:attachment":[{"href":"https:\/\/hoekoudishet.nl\/ro\/wp-json\/wp\/v2\/media?parent=41"}],"curies":[{"name":"wp","href":"https:\/\/api.w.org\/{rel}","templated":true}]}}